{"id":52,"date":"2021-08-25T06:44:07","date_gmt":"2021-08-25T06:44:07","guid":{"rendered":"https:\/\/buertravels.com\/?page_id=52"},"modified":"2026-04-29T15:58:30","modified_gmt":"2026-04-29T13:58:30","slug":"home","status":"publish","type":"page","link":"https:\/\/finntation.com\/zh\/","title":{"rendered":"\u9996\u9875"},"content":{"rendered":"\n<div class=\"wp-block-cover alignfull is-light\" style=\"min-height:743px;aspect-ratio:unset;\"><video class=\"wp-block-cover__video-background intrinsic-ignore\" autoplay muted loop playsinline src=\"https:\/\/finntation.com\/wp-content\/uploads\/2026\/04\/039948a48d10fa1999f1a06995b1f46f.mp4\" data-object-fit=\"cover\"><\/video><span aria-hidden=\"true\" class=\"wp-block-cover__background has-background-dim-0 has-background-dim\" style=\"background-color:#FFF\"><\/span><div class=\"wp-block-cover__inner-container is-layout-constrained wp-block-cover-is-layout-constrained\">\n<p class=\"has-text-align-center has-white-color has-text-color has-link-color has-large-font-size wp-elements-b80de4c021a84a534771b2095d1dd4db\"><strong>Enter the Arctic. Experience More<\/strong>&#8230;<\/p>\n\n\n<form role=\"search\" method=\"get\" action=\"https:\/\/finntation.com\/zh\/\" class=\"wp-block-search__button-inside wp-block-search__icon-button aligncenter wp-block-search\"    ><label class=\"wp-block-search__label screen-reader-text\" for=\"wp-block-search__input-1\" >Search<\/label><div class=\"wp-block-search__inside-wrapper\"  style=\"width: 50%\"><input class=\"wp-block-search__input\" id=\"wp-block-search__input-1\" placeholder=\"\" value=\"\" type=\"search\" name=\"s\" required \/><input type=\"hidden\" name=\"post_type\" value=\"product\" \/><button aria-label=\"Search\" class=\"wp-block-search__button has-icon wp-element-button\" type=\"submit\" ><svg class=\"search-icon\" viewBox=\"0 0 24 24\" width=\"24\" height=\"24\">\n\t\t\t\t\t<path d=\"M13 5c-3.3 0-6 2.7-6 6 0 1.4.5 2.7 1.3 3.7l-3.8 3.8 1.1 1.1 3.8-3.8c1 .8 2.3 1.3 3.7 1.3 3.3 0 6-2.7 6-6S16.3 5 13 5zm0 10.5c-2.5 0-4.5-2-4.5-4.5s2-4.5 4.5-4.5 4.5 2 4.5 4.5-2 4.5-4.5 4.5z\"><\/path>\n\t\t\t\t<\/svg><\/button><\/div><\/form><\/div><\/div>\n\n\n\n<div style=\"height:25px\" aria-hidden=\"true\" class=\"wp-block-spacer\"><\/div>\n\n\n\n<h2 class=\"wp-block-heading alignwide has-text-align-center\">Feeling our Professional<\/h2>\n\n\n\n<div style=\"height:25px\" aria-hidden=\"true\" class=\"wp-block-spacer\"><\/div>\n\n\n\n<p>Headquartered in Helsinki, Finntation Travels operates regional offices in Rovaniemi, Troms\u00f8, and Hangzhou. With extensive on-the-ground experience, we specialize in crafting seamless and high-quality Nordic travel experiences, ensuring every journey is both efficient and memorable.<\/p>\n\n\n\n<p>We provide a multi-platform, multi-time-zone customer service system, supporting multiple currencies and ensuring smooth communication and secure bookings throughout your travel planning process. With a self-operated 250,000 m\u00b2 activity site within the Arctic Circle, we&#8217;re ideal for private groups, corporate events, and tailor-made experiences.<\/p>\n\n\n\n<p><\/p>\n\n\n\n<div style=\"height:25px\" aria-hidden=\"true\" class=\"wp-block-spacer\"><\/div>\n\n\n\n<div class=\"wp-block-columns alignwide is-layout-flex wp-container-core-columns-is-layout-9d6595d7 wp-block-columns-is-layout-flex\">\n<div class=\"wp-block-column is-layout-flow wp-block-column-is-layout-flow\"><div class=\"wp-block-image\">\n<figure class=\"aligncenter size-thumbnail\"><a href=\"https:\/\/finntation.com\/about-us\/\"><img loading=\"lazy\" decoding=\"async\" width=\"150\" height=\"150\" src=\"https:\/\/finntation.com\/wp-content\/uploads\/2021\/08\/camp-1849133_640-150x150.png\" alt=\"\" class=\"wp-image-45\" srcset=\"https:\/\/finntation.com\/wp-content\/uploads\/2021\/08\/camp-1849133_640-150x150.png 150w, https:\/\/finntation.com\/wp-content\/uploads\/2021\/08\/camp-1849133_640-170x170.png 170w, https:\/\/finntation.com\/wp-content\/uploads\/2021\/08\/camp-1849133_640-300x300.png 300w, https:\/\/finntation.com\/wp-content\/uploads\/2021\/08\/camp-1849133_640-12x12.png 12w, https:\/\/finntation.com\/wp-content\/uploads\/2021\/08\/camp-1849133_640-600x600.png 600w, https:\/\/finntation.com\/wp-content\/uploads\/2021\/08\/camp-1849133_640.png 640w\" sizes=\"auto, (max-width: 150px) 100vw, 150px\" \/><\/a><\/figure>\n<\/div>\n\n\n<h4 class=\"wp-block-heading has-text-align-center\">Our Service<\/h4>\n\n\n\n<p>We focus on customizing the ideal itinerary with popular activities and a suitable timetable. We are specialists in advising you on the most enjoyable safaris depending on your special requirements.<\/p>\n<\/div>\n\n\n\n<div class=\"wp-block-column is-layout-flow wp-block-column-is-layout-flow\"><div class=\"wp-block-image\">\n<figure class=\"aligncenter size-thumbnail\"><img loading=\"lazy\" decoding=\"async\" width=\"150\" height=\"150\" src=\"https:\/\/finntation.com\/wp-content\/uploads\/2021\/08\/tag-1873545_640-150x150.png\" alt=\"\" class=\"wp-image-50\" srcset=\"https:\/\/finntation.com\/wp-content\/uploads\/2021\/08\/tag-1873545_640-150x150.png 150w, https:\/\/finntation.com\/wp-content\/uploads\/2021\/08\/tag-1873545_640-170x170.png 170w, https:\/\/finntation.com\/wp-content\/uploads\/2021\/08\/tag-1873545_640-300x300.png 300w, https:\/\/finntation.com\/wp-content\/uploads\/2021\/08\/tag-1873545_640-12x12.png 12w, https:\/\/finntation.com\/wp-content\/uploads\/2021\/08\/tag-1873545_640-600x600.png 600w, https:\/\/finntation.com\/wp-content\/uploads\/2021\/08\/tag-1873545_640.png 640w\" sizes=\"auto, (max-width: 150px) 100vw, 150px\" \/><\/figure>\n<\/div>\n\n\n<h4 class=\"wp-block-heading has-text-align-center\">Our Destination<\/h4>\n\n\n\n<p>As the expert of the Arctic tourism, we know all about the North and beyond. We operate in Finland and Norway, and have stable co-operators in Sweden, Denmark and Iceland. We could introduce you all the best corners around the North.<\/p>\n<\/div>\n\n\n\n<div class=\"wp-block-column is-layout-flow wp-block-column-is-layout-flow\"><div class=\"wp-block-image\">\n<figure class=\"aligncenter size-thumbnail\"><img loading=\"lazy\" decoding=\"async\" width=\"150\" height=\"150\" src=\"https:\/\/finntation.com\/wp-content\/uploads\/2021\/08\/backpack-1849132_640-150x150.png\" alt=\"\" class=\"wp-image-43\" srcset=\"https:\/\/finntation.com\/wp-content\/uploads\/2021\/08\/backpack-1849132_640-150x150.png 150w, https:\/\/finntation.com\/wp-content\/uploads\/2021\/08\/backpack-1849132_640-170x170.png 170w, https:\/\/finntation.com\/wp-content\/uploads\/2021\/08\/backpack-1849132_640-300x300.png 300w, https:\/\/finntation.com\/wp-content\/uploads\/2021\/08\/backpack-1849132_640-12x12.png 12w, https:\/\/finntation.com\/wp-content\/uploads\/2021\/08\/backpack-1849132_640-600x600.png 600w, https:\/\/finntation.com\/wp-content\/uploads\/2021\/08\/backpack-1849132_640.png 640w\" sizes=\"auto, (max-width: 150px) 100vw, 150px\" \/><\/figure>\n<\/div>\n\n\n<h4 class=\"wp-block-heading has-text-align-center\">Travel Suggestion<\/h4>\n\n\n\n<p>We are the locals in the Nordic country. We could update to you all useful travel tips. We could help you to find the best way to enjoy your trip. If you have any questions about your journey in future, just contact us for free. <\/p>\n<\/div>\n<\/div>\n\n\n\n<div style=\"height:25px\" aria-hidden=\"true\" class=\"wp-block-spacer\"><\/div>\n\n\n\n<h2 class=\"wp-block-heading alignwide has-text-align-center\">The Most Popular Activities <\/h2>\n\n\n\n<div style=\"height:25px\" aria-hidden=\"true\" class=\"wp-block-spacer\"><\/div>\n\n\n<div data-block-name=\"woocommerce\/product-best-sellers\" data-categories=\"[64]\" data-columns=\"4\" data-content-visibility=\"{&quot;image&quot;:true,&quot;title&quot;:true,&quot;price&quot;:false,&quot;rating&quot;:false,&quot;button&quot;:false}\" data-rows=\"1\" data-stock-status=\"[&quot;&quot;,&quot;instock&quot;,&quot;outofstock&quot;,&quot;onbackorder&quot;]\" class=\"wc-block-grid wp-block-product-best-sellers wp-block-woocommerce-product-best-sellers wc-block-product-best-sellers has-4-columns alignwide\"><ul class=\"wc-block-grid__products\"><li class=\"wc-block-grid__product\">\n\t\t\t\t<a href=\"https:\/\/finntation.com\/zh\/product\/rovaniemi-private-forest-fishing-foraging-and-lunch\/\" class=\"wc-block-grid__product-link\">\n\t\t\t\t\t\n\t\t\t\t\t<div class=\"wc-block-grid__product-image\"><img loading=\"lazy\" decoding=\"async\" width=\"350\" height=\"263\" src=\"https:\/\/finntation.com\/wp-content\/uploads\/2026\/04\/Mashroom-1-350x263.jpg\" class=\"attachment-woocommerce_thumbnail size-woocommerce_thumbnail\" alt=\"Rovaniemi: Private Forest Fishing, Foraging, and Lunch\" srcset=\"https:\/\/finntation.com\/wp-content\/uploads\/2026\/04\/Mashroom-1-350x263.jpg 350w, https:\/\/finntation.com\/wp-content\/uploads\/2026\/04\/Mashroom-1-300x225.jpg 300w, https:\/\/finntation.com\/wp-content\/uploads\/2026\/04\/Mashroom-1-1024x768.jpg 1024w, https:\/\/finntation.com\/wp-content\/uploads\/2026\/04\/Mashroom-1-768x576.jpg 768w, https:\/\/finntation.com\/wp-content\/uploads\/2026\/04\/Mashroom-1-16x12.jpg 16w, https:\/\/finntation.com\/wp-content\/uploads\/2026\/04\/Mashroom-1-900x675.jpg 900w, https:\/\/finntation.com\/wp-content\/uploads\/2026\/04\/Mashroom-1-500x375.jpg 500w, https:\/\/finntation.com\/wp-content\/uploads\/2026\/04\/Mashroom-1-800x600.jpg 800w, https:\/\/finntation.com\/wp-content\/uploads\/2026\/04\/Mashroom-1.jpg 1280w\" sizes=\"auto, (max-width: 350px) 100vw, 350px\" \/><\/div>\n\t\t\t\t\t<div class=\"wc-block-grid__product-title\">Rovaniemi: Private Forest Fishing, Foraging, and Lunch<\/div>\n\t\t\t\t<\/a>\n\t\t\t\t\n\t\t\t\t\n\t\t\t\t\n\t\t\t<\/li><li class=\"wc-block-grid__product\">\n\t\t\t\t<a href=\"https:\/\/finntation.com\/zh\/product\/lysefjord-cruise-preikestolen-hike\/\" class=\"wc-block-grid__product-link\">\n\t\t\t\t\t\n\t\t\t\t\t<div class=\"wc-block-grid__product-image\"><img loading=\"lazy\" decoding=\"async\" width=\"350\" height=\"263\" src=\"https:\/\/finntation.com\/wp-content\/uploads\/2025\/06\/Fjord_cruise_Lysefjord_ROF_02783_Photo_Sindre_Kvam-host-small-350x263.jpg\" class=\"attachment-woocommerce_thumbnail size-woocommerce_thumbnail\" alt=\"Lysefjord Cruise &amp; Preikestolen Hike\" srcset=\"https:\/\/finntation.com\/wp-content\/uploads\/2025\/06\/Fjord_cruise_Lysefjord_ROF_02783_Photo_Sindre_Kvam-host-small-350x263.jpg 350w, https:\/\/finntation.com\/wp-content\/uploads\/2025\/06\/Fjord_cruise_Lysefjord_ROF_02783_Photo_Sindre_Kvam-host-small-300x225.jpg 300w, https:\/\/finntation.com\/wp-content\/uploads\/2025\/06\/Fjord_cruise_Lysefjord_ROF_02783_Photo_Sindre_Kvam-host-small-1024x768.jpg 1024w, https:\/\/finntation.com\/wp-content\/uploads\/2025\/06\/Fjord_cruise_Lysefjord_ROF_02783_Photo_Sindre_Kvam-host-small-768x576.jpg 768w, https:\/\/finntation.com\/wp-content\/uploads\/2025\/06\/Fjord_cruise_Lysefjord_ROF_02783_Photo_Sindre_Kvam-host-small-16x12.jpg 16w, https:\/\/finntation.com\/wp-content\/uploads\/2025\/06\/Fjord_cruise_Lysefjord_ROF_02783_Photo_Sindre_Kvam-host-small-900x675.jpg 900w, https:\/\/finntation.com\/wp-content\/uploads\/2025\/06\/Fjord_cruise_Lysefjord_ROF_02783_Photo_Sindre_Kvam-host-small-500x375.jpg 500w, https:\/\/finntation.com\/wp-content\/uploads\/2025\/06\/Fjord_cruise_Lysefjord_ROF_02783_Photo_Sindre_Kvam-host-small-800x600.jpg 800w, https:\/\/finntation.com\/wp-content\/uploads\/2025\/06\/Fjord_cruise_Lysefjord_ROF_02783_Photo_Sindre_Kvam-host-small.jpg 1080w\" sizes=\"auto, (max-width: 350px) 100vw, 350px\" \/><\/div>\n\t\t\t\t\t<div class=\"wc-block-grid__product-title\">Lysefjord Cruise &amp; Preikestolen Hike<\/div>\n\t\t\t\t<\/a>\n\t\t\t\t\n\t\t\t\t\n\t\t\t\t\n\t\t\t<\/li><li class=\"wc-block-grid__product\">\n\t\t\t\t<a href=\"https:\/\/finntation.com\/zh\/product\/magic-naeroyfjorden-and-flam\/\" class=\"wc-block-grid__product-link\">\n\t\t\t\t\t\n\t\t\t\t\t<div class=\"wc-block-grid__product-image\"><img loading=\"lazy\" decoding=\"async\" width=\"350\" height=\"263\" src=\"https:\/\/finntation.com\/wp-content\/uploads\/2025\/05\/pexels-bernhard-egger-2155372194-33692814-350x263.jpg\" class=\"attachment-woocommerce_thumbnail size-woocommerce_thumbnail\" alt=\"Magic N\u00e6r\u00f8yfjorden and Fl\u00e5m\" srcset=\"https:\/\/finntation.com\/wp-content\/uploads\/2025\/05\/pexels-bernhard-egger-2155372194-33692814-350x263.jpg 350w, https:\/\/finntation.com\/wp-content\/uploads\/2025\/05\/pexels-bernhard-egger-2155372194-33692814-300x225.jpg 300w, https:\/\/finntation.com\/wp-content\/uploads\/2025\/05\/pexels-bernhard-egger-2155372194-33692814-1024x768.jpg 1024w, https:\/\/finntation.com\/wp-content\/uploads\/2025\/05\/pexels-bernhard-egger-2155372194-33692814-768x576.jpg 768w, https:\/\/finntation.com\/wp-content\/uploads\/2025\/05\/pexels-bernhard-egger-2155372194-33692814-1536x1152.jpg 1536w, https:\/\/finntation.com\/wp-content\/uploads\/2025\/05\/pexels-bernhard-egger-2155372194-33692814-2048x1536.jpg 2048w, https:\/\/finntation.com\/wp-content\/uploads\/2025\/05\/pexels-bernhard-egger-2155372194-33692814-16x12.jpg 16w, https:\/\/finntation.com\/wp-content\/uploads\/2025\/05\/pexels-bernhard-egger-2155372194-33692814-900x675.jpg 900w, https:\/\/finntation.com\/wp-content\/uploads\/2025\/05\/pexels-bernhard-egger-2155372194-33692814-500x375.jpg 500w, https:\/\/finntation.com\/wp-content\/uploads\/2025\/05\/pexels-bernhard-egger-2155372194-33692814-800x600.jpg 800w\" sizes=\"auto, (max-width: 350px) 100vw, 350px\" \/><\/div>\n\t\t\t\t\t<div class=\"wc-block-grid__product-title\">Magic N\u00e6r\u00f8yfjorden and Fl\u00e5m<\/div>\n\t\t\t\t<\/a>\n\t\t\t\t\n\t\t\t\t\n\t\t\t\t\n\t\t\t<\/li><li class=\"wc-block-grid__product\">\n\t\t\t\t<a href=\"https:\/\/finntation.com\/zh\/product\/day-tour-of-nature-handicraft-workshop-in-helsinki\/\" class=\"wc-block-grid__product-link\">\n\t\t\t\t\t\n\t\t\t\t\t<div class=\"wc-block-grid__product-image\"><img loading=\"lazy\" decoding=\"async\" width=\"350\" height=\"263\" src=\"https:\/\/finntation.com\/wp-content\/uploads\/2026\/04\/Forest-6-350x263.jpg\" class=\"attachment-woocommerce_thumbnail size-woocommerce_thumbnail\" alt=\"Day Tour of Nature &amp; Handicraft Workshop in Helsinki\" srcset=\"https:\/\/finntation.com\/wp-content\/uploads\/2026\/04\/Forest-6-350x263.jpg 350w, https:\/\/finntation.com\/wp-content\/uploads\/2026\/04\/Forest-6-300x225.jpg 300w, https:\/\/finntation.com\/wp-content\/uploads\/2026\/04\/Forest-6-1024x768.jpg 1024w, https:\/\/finntation.com\/wp-content\/uploads\/2026\/04\/Forest-6-768x576.jpg 768w, https:\/\/finntation.com\/wp-content\/uploads\/2026\/04\/Forest-6-16x12.jpg 16w, https:\/\/finntation.com\/wp-content\/uploads\/2026\/04\/Forest-6-900x675.jpg 900w, https:\/\/finntation.com\/wp-content\/uploads\/2026\/04\/Forest-6-500x375.jpg 500w, https:\/\/finntation.com\/wp-content\/uploads\/2026\/04\/Forest-6-800x600.jpg 800w, https:\/\/finntation.com\/wp-content\/uploads\/2026\/04\/Forest-6.jpg 1280w\" sizes=\"auto, (max-width: 350px) 100vw, 350px\" \/><\/div>\n\t\t\t\t\t<div class=\"wc-block-grid__product-title\">Day Tour of Nature &amp; Handicraft Workshop in Helsinki<\/div>\n\t\t\t\t<\/a>\n\t\t\t\t\n\t\t\t\t\n\t\t\t\t\n\t\t\t<\/li><\/ul><\/div>\n\n\n<div style=\"height:25px\" aria-hidden=\"true\" class=\"wp-block-spacer\"><\/div>\n\n\n\n<h2 class=\"wp-block-heading has-text-align-center\">Order Making Process<\/h2>\n\n\n\n<div style=\"height:25px\" aria-hidden=\"true\" class=\"wp-block-spacer\"><\/div>\n\n\n\n<div class=\"wp-block-columns is-layout-flex wp-container-core-columns-is-layout-9d6595d7 wp-block-columns-is-layout-flex\">\n<div class=\"wp-block-column is-layout-flow wp-block-column-is-layout-flow\">\n<div class=\"wp-block-uagb-image uagb-block-9dcc1800 wp-block-uagb-image--layout-default wp-block-uagb-image--effect-static wp-block-uagb-image--align-none\"><figure class=\"wp-block-uagb-image__figure\"><img decoding=\"async\" srcset=\"https:\/\/finntation.com\/wp-content\/uploads\/2025\/10\/\u672a\u6807\u9898-1.jpg ,https:\/\/finntation.com\/wp-content\/uploads\/2025\/10\/\u672a\u6807\u9898-1.jpg 780w, https:\/\/finntation.com\/wp-content\/uploads\/2025\/10\/\u672a\u6807\u9898-1.jpg 360w\" sizes=\"auto, (max-width: 480px) 150px\" src=\"https:\/\/finntation.com\/wp-content\/uploads\/2025\/10\/\u672a\u6807\u9898-1.jpg\" alt=\"\" class=\"uag-image-2576\" width=\"500\" height=\"500\" title=\"\u672a\u6807\u9898-1\" loading=\"lazy\" role=\"img\"\/><\/figure><\/div>\n\n\n\n<div style=\"height:20px\" aria-hidden=\"true\" class=\"wp-block-spacer\"><\/div>\n\n\n\n<ol class=\"wp-block-list\">\n<li>Choose the prefer product and press <strong>Check Availability<\/strong><\/li>\n<\/ol>\n<\/div>\n\n\n\n<div class=\"wp-block-column is-layout-flow wp-block-column-is-layout-flow\">\n<div class=\"wp-block-uagb-image uagb-block-03813ed7 wp-block-uagb-image--layout-default wp-block-uagb-image--effect-static wp-block-uagb-image--align-none\"><figure class=\"wp-block-uagb-image__figure\"><img decoding=\"async\" srcset=\"https:\/\/finntation.com\/wp-content\/uploads\/2025\/10\/\u672a\u6807\u9898-2.jpg ,https:\/\/finntation.com\/wp-content\/uploads\/2025\/10\/\u672a\u6807\u9898-2.jpg 780w, https:\/\/finntation.com\/wp-content\/uploads\/2025\/10\/\u672a\u6807\u9898-2.jpg 360w\" sizes=\"auto, (max-width: 480px) 150px\" src=\"https:\/\/finntation.com\/wp-content\/uploads\/2025\/10\/\u672a\u6807\u9898-2.jpg\" alt=\"\" class=\"uag-image-2577\" width=\"500\" height=\"500\" title=\"\u672a\u6807\u9898-2\" loading=\"lazy\" role=\"img\"\/><\/figure><\/div>\n\n\n\n<div style=\"height:20px\" aria-hidden=\"true\" class=\"wp-block-spacer\"><\/div>\n\n\n\n<p>2. Fill the information and press <strong>Request Confirmation<\/strong><\/p>\n<\/div>\n\n\n\n<div class=\"wp-block-column is-layout-flow wp-block-column-is-layout-flow\">\n<div class=\"wp-block-uagb-image uagb-block-5ee88034 wp-block-uagb-image--layout-default wp-block-uagb-image--effect-static wp-block-uagb-image--align-none\"><figure class=\"wp-block-uagb-image__figure\"><img decoding=\"async\" srcset=\"https:\/\/finntation.com\/wp-content\/uploads\/2025\/10\/\u672a\u6807\u9898-3.jpg ,https:\/\/finntation.com\/wp-content\/uploads\/2025\/10\/\u672a\u6807\u9898-3.jpg 780w, https:\/\/finntation.com\/wp-content\/uploads\/2025\/10\/\u672a\u6807\u9898-3.jpg 360w\" sizes=\"auto, (max-width: 480px) 150px\" src=\"https:\/\/finntation.com\/wp-content\/uploads\/2025\/10\/\u672a\u6807\u9898-3.jpg\" alt=\"\" class=\"uag-image-2578\" width=\"500\" height=\"500\" title=\"\u672a\u6807\u9898-3\" loading=\"lazy\" role=\"img\"\/><\/figure><\/div>\n\n\n\n<div style=\"height:20px\" aria-hidden=\"true\" class=\"wp-block-spacer\"><\/div>\n\n\n\n<p>3. You&#8217;ll receive the <strong>First<\/strong> email said &#8216;Booking Pending Confirmation&#8217;<\/p>\n<\/div>\n\n\n\n<div class=\"wp-block-column is-layout-flow wp-block-column-is-layout-flow\">\n<div class=\"wp-block-uagb-image uagb-block-2bb6b524 wp-block-uagb-image--layout-default wp-block-uagb-image--effect-static wp-block-uagb-image--align-none\"><figure class=\"wp-block-uagb-image__figure\"><img decoding=\"async\" srcset=\"https:\/\/finntation.com\/wp-content\/uploads\/2025\/10\/\u672a\u6807\u9898-4.jpg ,https:\/\/finntation.com\/wp-content\/uploads\/2025\/10\/\u672a\u6807\u9898-4.jpg 780w, https:\/\/finntation.com\/wp-content\/uploads\/2025\/10\/\u672a\u6807\u9898-4.jpg 360w\" sizes=\"auto, (max-width: 480px) 150px\" src=\"https:\/\/finntation.com\/wp-content\/uploads\/2025\/10\/\u672a\u6807\u9898-4.jpg\" alt=\"\" class=\"uag-image-2579\" width=\"500\" height=\"500\" title=\"\u672a\u6807\u9898-4\" loading=\"lazy\" role=\"img\"\/><\/figure><\/div>\n\n\n\n<div style=\"height:20px\" aria-hidden=\"true\" class=\"wp-block-spacer\"><\/div>\n\n\n\n<p>4. When you get the <strong>Second<\/strong> email, press the <strong>Pay for booking<\/strong><\/p>\n<\/div>\n<\/div>\n\n\n\n<div style=\"height:25px\" aria-hidden=\"true\" class=\"wp-block-spacer\"><\/div>\n\n\n\n<h2 class=\"wp-block-heading alignwide has-text-align-center\">Why Choose us<\/h2>\n\n\n\n<div style=\"height:25px\" aria-hidden=\"true\" class=\"wp-block-spacer\"><\/div>\n\n\n\n<div class=\"wp-block-media-text is-stacked-on-mobile\"><figure class=\"wp-block-media-text__media\"><a href=\"https:\/\/finntation.com\/our-services\/\"><img loading=\"lazy\" decoding=\"async\" width=\"1024\" height=\"683\" src=\"https:\/\/finntation.com\/wp-content\/uploads\/2024\/03\/contact-2860030_1920-1024x683.jpg\" alt=\"\" class=\"wp-image-1420 size-full\" srcset=\"https:\/\/finntation.com\/wp-content\/uploads\/2024\/03\/contact-2860030_1920-1024x683.jpg 1024w, https:\/\/finntation.com\/wp-content\/uploads\/2024\/03\/contact-2860030_1920-300x200.jpg 300w, https:\/\/finntation.com\/wp-content\/uploads\/2024\/03\/contact-2860030_1920-768x512.jpg 768w, https:\/\/finntation.com\/wp-content\/uploads\/2024\/03\/contact-2860030_1920-1536x1024.jpg 1536w, https:\/\/finntation.com\/wp-content\/uploads\/2024\/03\/contact-2860030_1920-18x12.jpg 18w, https:\/\/finntation.com\/wp-content\/uploads\/2024\/03\/contact-2860030_1920-900x600.jpg 900w, https:\/\/finntation.com\/wp-content\/uploads\/2024\/03\/contact-2860030_1920-500x333.jpg 500w, https:\/\/finntation.com\/wp-content\/uploads\/2024\/03\/contact-2860030_1920-800x533.jpg 800w, https:\/\/finntation.com\/wp-content\/uploads\/2024\/03\/contact-2860030_1920.jpg 1920w\" sizes=\"auto, (max-width: 1024px) 100vw, 1024px\" \/><\/a><\/figure><div class=\"wp-block-media-text__content\">\n<div class=\"wp-block-uagb-icon-list uagb-block-c41bea8b\"><div class=\"uagb-icon-list__wrap\">\n<div class=\"wp-block-uagb-icon-list-child uagb-block-0eaa758f\"><span class=\"uagb-icon-list__source-wrap\"><svg xmlns=\"https:\/\/www.w3.org\/2000\/svg\" viewBox=\"0 0 512 512\"><path d=\"M256 0C114.6 0 0 114.6 0 256c0 141.4 114.6 256 256 256s256-114.6 256-256C512 114.6 397.4 0 256 0zM406.6 278.6l-103.1 103.1c-12.5 12.5-32.75 12.5-45.25 0s-12.5-32.75 0-45.25L306.8 288H128C110.3 288 96 273.7 96 256s14.31-32 32-32h178.8l-49.38-49.38c-12.5-12.5-12.5-32.75 0-45.25s32.75-12.5 45.25 0l103.1 103.1C414.6 241.3 416 251.1 416 256C416 260.9 414.6 270.7 406.6 278.6z\"><\/path><\/svg><\/span><span class=\"uagb-icon-list__label\">Seamless booking with global support and secure payment<\/span><\/div>\n\n\n\n<div class=\"wp-block-uagb-icon-list-child uagb-block-ac8dd7f4\"><span class=\"uagb-icon-list__source-wrap\"><svg xmlns=\"https:\/\/www.w3.org\/2000\/svg\" viewBox=\"0 0 512 512\"><path d=\"M256 0C114.6 0 0 114.6 0 256c0 141.4 114.6 256 256 256s256-114.6 256-256C512 114.6 397.4 0 256 0zM406.6 278.6l-103.1 103.1c-12.5 12.5-32.75 12.5-45.25 0s-12.5-32.75 0-45.25L306.8 288H128C110.3 288 96 273.7 96 256s14.31-32 32-32h178.8l-49.38-49.38c-12.5-12.5-12.5-32.75 0-45.25s32.75-12.5 45.25 0l103.1 103.1C414.6 241.3 416 251.1 416 256C416 260.9 414.6 270.7 406.6 278.6z\"><\/path><\/svg><\/span><span class=\"uagb-icon-list__label\">Professional team delivering guaranteed service quality<\/span><\/div>\n\n\n\n<div class=\"wp-block-uagb-icon-list-child uagb-block-2f596d2e\"><span class=\"uagb-icon-list__source-wrap\"><svg xmlns=\"https:\/\/www.w3.org\/2000\/svg\" viewBox=\"0 0 512 512\"><path d=\"M256 0C114.6 0 0 114.6 0 256c0 141.4 114.6 256 256 256s256-114.6 256-256C512 114.6 397.4 0 256 0zM406.6 278.6l-103.1 103.1c-12.5 12.5-32.75 12.5-45.25 0s-12.5-32.75 0-45.25L306.8 288H128C110.3 288 96 273.7 96 256s14.31-32 32-32h178.8l-49.38-49.38c-12.5-12.5-12.5-32.75 0-45.25s32.75-12.5 45.25 0l103.1 103.1C414.6 241.3 416 251.1 416 256C416 260.9 414.6 270.7 406.6 278.6z\"><\/path><\/svg><\/span><span class=\"uagb-icon-list__label\">Flexible travel options with tailor-made experiences<\/span><\/div>\n\n\n\n<div class=\"wp-block-uagb-icon-list-child uagb-block-05aeda8f\"><span class=\"uagb-icon-list__source-wrap\"><svg xmlns=\"https:\/\/www.w3.org\/2000\/svg\" viewBox=\"0 0 512 512\"><path d=\"M256 0C114.6 0 0 114.6 0 256c0 141.4 114.6 256 256 256s256-114.6 256-256C512 114.6 397.4 0 256 0zM406.6 278.6l-103.1 103.1c-12.5 12.5-32.75 12.5-45.25 0s-12.5-32.75 0-45.25L306.8 288H128C110.3 288 96 273.7 96 256s14.31-32 32-32h178.8l-49.38-49.38c-12.5-12.5-12.5-32.75 0-45.25s32.75-12.5 45.25 0l103.1 103.1C414.6 241.3 416 251.1 416 256C416 260.9 414.6 270.7 406.6 278.6z\"><\/path><\/svg><\/span><span class=\"uagb-icon-list__label\">Strong local resources with trusted Nordic partnerships<\/span><\/div>\n\n\n\n<div class=\"wp-block-uagb-icon-list-child uagb-block-f401a78e\"><span class=\"uagb-icon-list__source-wrap\"><svg xmlns=\"https:\/\/www.w3.org\/2000\/svg\" viewBox=\"0 0 512 512\"><path d=\"M256 0C114.6 0 0 114.6 0 256c0 141.4 114.6 256 256 256s256-114.6 256-256C512 114.6 397.4 0 256 0zM406.6 278.6l-103.1 103.1c-12.5 12.5-32.75 12.5-45.25 0s-12.5-32.75 0-45.25L306.8 288H128C110.3 288 96 273.7 96 256s14.31-32 32-32h178.8l-49.38-49.38c-12.5-12.5-12.5-32.75 0-45.25s32.75-12.5 45.25 0l103.1 103.1C414.6 241.3 416 251.1 416 256C416 260.9 414.6 270.7 406.6 278.6z\"><\/path><\/svg><\/span><span class=\"uagb-icon-list__label\">In-depth Arctic expertise and local destination knowledge<\/span><\/div>\n<\/div><\/div>\n<\/div><\/div>\n\n\n\n<div style=\"height:50px\" aria-hidden=\"true\" class=\"wp-block-spacer\"><\/div>\n\n\n","protected":false},"excerpt":{"rendered":"<p>Feeling our Professional Headquartered in Helsinki, Finntation Travels operates regional offices in Rovaniemi, Troms\u00f8, and [&hellip;]<\/p>\n","protected":false},"author":1,"featured_media":0,"parent":0,"menu_order":0,"comment_status":"closed","ping_status":"closed","template":"","meta":{"_uag_custom_page_level_css":"","footnotes":""},"class_list":{"0":"post-52","1":"page","2":"type-page","3":"status-publish","5":"col-md-6 col-sm-6"},"uagb_featured_image_src":{"full":false,"thumbnail":false,"medium":false,"medium_large":false,"large":false,"1536x1536":false,"2048x2048":false,"trp-custom-language-flag":false,"shopix-900x9999":false,"shopix-500x9999":false,"shopix-500x500":false,"woocommerce_thumbnail":false,"woocommerce_single":false,"woocommerce_gallery_thumbnail":false},"uagb_author_info":{"display_name":"admin","author_link":"https:\/\/finntation.com\/zh\/author\/nan-arai-ftt0208\/"},"uagb_comment_info":0,"uagb_excerpt":"Feeling our Professional Headquartered in Helsinki, Finntation Travels operates regional offices in Rovaniemi, Troms\u00f8, and [&hellip;]","_links":{"self":[{"href":"https:\/\/finntation.com\/zh\/wp-json\/wp\/v2\/pages\/52","targetHints":{"allow":["GET"]}}],"collection":[{"href":"https:\/\/finntation.com\/zh\/wp-json\/wp\/v2\/pages"}],"about":[{"href":"https:\/\/finntation.com\/zh\/wp-json\/wp\/v2\/types\/page"}],"author":[{"embeddable":true,"href":"https:\/\/finntation.com\/zh\/wp-json\/wp\/v2\/users\/1"}],"replies":[{"embeddable":true,"href":"https:\/\/finntation.com\/zh\/wp-json\/wp\/v2\/comments?post=52"}],"version-history":[{"count":60,"href":"https:\/\/finntation.com\/zh\/wp-json\/wp\/v2\/pages\/52\/revisions"}],"predecessor-version":[{"id":4158,"href":"https:\/\/finntation.com\/zh\/wp-json\/wp\/v2\/pages\/52\/revisions\/4158"}],"wp:attachment":[{"href":"https:\/\/finntation.com\/zh\/wp-json\/wp\/v2\/media?parent=52"}],"curies":[{"name":"wp","href":"https:\/\/api.w.org\/{rel}","templated":true}]}}