{"id":794,"date":"2023-12-18T12:33:47","date_gmt":"2023-12-18T12:33:47","guid":{"rendered":"https:\/\/buertravels.com\/?post_type=product&#038;p=794"},"modified":"2025-11-13T09:31:32","modified_gmt":"2025-11-13T07:31:32","slug":"polar-explorer-icebreaker-cruise-with-floating-without-transfers-lunch","status":"publish","type":"product","link":"https:\/\/finntation.com\/zh\/product\/polar-explorer-icebreaker-cruise-with-floating-without-transfers-lunch\/","title":{"rendered":"Polar\u7834\u51b0\u8239\u63a2\u9669+\u51b0\u6d77\u6f02\u6d6e\uff08\u4e0d\u542b\u4ea4\u901a\u63a5\u9a73\u53ca\u5348\u9910\uff09"},"content":{"rendered":"<p>&nbsp;<\/p>\n<p><strong>\u51fa\u53d1\u57ce\u5e02:  B\u00e5tsk\u00e4rsn\u00e4s, \u745e\u5178<\/strong><\/p>\n<p><strong>\u51fa\u53d1\u65f6\u95f4:\u00a0 10:00 \u6216 14:00<\/strong><\/p>\n<p><strong>\u6d3b\u52a8\u65f6\u957f: 3\u5c0f\u65f6<\/strong><\/p>\n<p>\u7834\u51b0\u8239\u63d0\u4f9b\u5728\u62c9\u666e\u5170\u6ce2\u7684\u5c3c\u4e9a\u6d77\u7ed3\u51b0\u7684\u6d77\u6c34\u4e2d\u8fdb\u884c 3 \u5c0f\u65f6\u7684\u822a\u884c\u3002\u5728 3 \u5c0f\u65f6\u5185\uff0c\u60a8\u5c06\u4eb2\u773c\u76ee\u7779\u8fd9\u8258\u8239\u5de8\u5927\u7684\u7834\u51b0\u529b\u91cf\uff0c\u5e76\u5728\u5bfc\u6e38\u7684\u5e26\u9886\u4e0b\u4e00\u8def\u53c2\u89c2\u8f6e\u673a\u8231\u548c\u8239\u957f\u6865\u3002\u901a\u8fc7\u8bed\u97f3\u5bfc\u89c8\u5e94\u7528\u7a0b\u5e8f\u53ef\u4f7f\u7528 16 \u79cd\u8bed\u8a00\u8fdb\u884c\u6e38\u89c8\uff0c\u5e76\u5728\u7834\u51b0\u8239\u7535\u5f71\u9662\u89c2\u770b 11 \u5206\u949f\u7684\u7535\u5f71\uff0c\u8bb2\u8ff0\u4e16\u754c\u5404\u5730\u7684\u7834\u51b0\u8239\u3002\u60a8\u53ef\u4ee5\u5728\u8212\u9002\u7684\u6c99\u9f99\u4e2d\u653e\u677e\u8eab\u5fc3\uff0c\u4eab\u7528\u70ed\u679c\u6c41\uff0c\u6216\u8005\u5728\u505c\u9760\u671f\u95f4\u5728\u51b0\u51bb\u7684\u6d77\u51b0\u4e0a\u6563\u6b65\u3002\u7834\u51b0\u8239\u4f7f\u6e38\u6cf3\u6c60\u4e0d\u518d\u7ed3\u51b0\uff0c\u6bcf\u4f4d\u6e38\u5ba2\u90fd\u53ef\u4ee5\u7a7f\u7740\u6f02\u6d6e\u6551\u751f\u8863\u5728\u9ed1\u6697\u51b0\u51b7\u7684\u6c34\u4e2d\u6e38\u6cf3\u3002\u8239\u957f\u5c06\u5411\u5927\u5bb6\u9881\u53d1\u6e38\u8f6e\u548c\u6e38\u6cf3\u8bc1\u4e66\u4f5c\u4e3a\u96be\u5fd8\u7684\u793c\u7269\u3002<\/p>\n<p><strong>\u201c\u6781\u5730\u7834\u51b0\u8239\u53ca\u51b0\u6d77\u6f02\u6d6e\uff08\u542b\u63a5\u9a73\u4ea4\u901a\uff09\u201d <a href=\"https:\/\/buertravels.com\/product\/polar-explorer-icebreaker-cruise-with-floating-with-flexible-transfers-lunch\/\">\u201d\u6781\u5730\u63a2\u9669\u7834\u51b0\u90ae\u8f6e\u4e4b\u65c5\uff08\u542b\u6c34\u4e0a\u4ea4\u901a\uff0c\u914d\u5907\u7075\u6d3b\u63a5\u9a73\u5df4\u58eb\uff09\u201c<\/a><\/strong><\/p>\n<h3><strong>\u65f6\u95f4\u8868<\/strong><\/h3>\n<p>2023\u5e744\u670820\u65e5\uff1a\u82ac\u5170\u65f6\u95f411:00-14:00 \/ \u745e\u5178\u65f6\u95f410:00-13:00<\/p>\n<p>2023\u5e7412\u670821\u65e5 \u2013 2024\u5e744\u670812\u65e5\uff1a\u82ac\u5170\u65f6\u95f4 10:00-13:00 \/ \u745e\u5178\u65f6\u95f4 09:00-12:00 \u6216 \u82ac\u5170\u65f6\u95f4 14:00-17:00 \/ \u745e\u5178\u65f6\u95f4 13:00-16:00<\/p>\n<p>02-03.02.24 \u4e2d\u56fd\u65b0\u5e74\uff1a\u82ac\u5170\u65f6\u95f4 18:00-21:00 \/ \u745e\u5178\u65f6\u95f4 17:00-20:00<\/p>\n<h3><strong>\u8ddd\u79bb<\/strong><\/h3>\n<p>\u7f57\u74e6\u6d85\u7c73\uff1a168\u516c\u91cc\uff08\u8f66\u7a0b2\u5c0f\u65f615\u5206\u949f\uff09<\/p>\n<p>\u51ef\u7c73\uff1a73\u516c\u91cc\uff08\u8f66\u7a0b1\u5c0f\u65f6\uff09<\/p>\n<p>\u6258\u5c14\u5c3c\u5965\uff1a          45\u516c\u91cc\uff08\u8f66\u7a0b35\u5206\u949f\uff09<\/p>\n<p>\u5415\u52d2\u5965\uff1a          100\u516c\u91cc\uff08\u8f66\u7a0b1\u5c0f\u65f615\u5206\u949f\uff09<\/p>\n<p>\u54c8\u5e15\u5170\u8fbe\uff1a45\u516c\u91cc\uff08\u8f66\u7a0b35\u5206\u949f\uff09<\/p>\n<p>\u5361\u5229\u514b\u65af\uff1a23\u516c\u91cc\uff08\u8f66\u7a0b20\u5206\u949f\uff09<\/p>\n<div class=\"sc-gZsBWS jZbQLo Row\">\n<div class=\"sc-iiyuhn jmOlZr Inclusions\" data-testid=\"inclusions\">\n<h3><b>\u822a\u7ad9\u697c\u4f4d\u7f6e <\/b><\/h3>\n<p>\u5bfc\u822a\u5668\u4f4d\u7f6e\uff1aAxelsviksv\u00e4gen 291C, 95295 B\u00e5tsk\u00e4rsn\u00e4s, \u745e\u5178\u00a0 <span style=\"color: #82868b; font-size: 1rem;\">Axelsviksv\u00e4gen 291C, 95295 B\u00e5tsk\u00e4rsn\u00e4s, Sweden<\/span><\/p>\n<\/div>\n<div class=\"sc-iiyuhn jmOlZr Inclusions\" data-testid=\"inclusions\">\n<p><span style=\"color: #82868b; font-size: 1rem;\">\u5750\u6807\uff1a65.7700815\u300123.3698463<\/span><\/p>\n<p>\u8ddd\u82ac\u5170\u8fb9\u588340\u516c\u91cc\u3002\u4ece E4 \u8f6c\u5411 B\u00e5tsk\u00e4rsn\u00e4s\u3002\u8f6c\u5f2f\u540e\uff0c\u8bf7\u9075\u5faa\u6781\u5730\u63a2\u7d22\u53f7\u7834\u51b0\u8239\u6807\u5fd7\u3002<\/p>\n<p>\u60a8\u53ef\u4ee5\u5728\u6e38\u8f6e\u7801\u5934\u505c\u8f66\u573a\u514d\u8d39\u505c\u8f66\u3002<\/p>\n<p><span style=\"color: #ff0000;\"><strong>* \u8bf7\u6ce8\u610f\uff0c\u5f53\u60a8\u8ba1\u5212\u884c\u7a0b\u65f6\uff0c\u82ac\u5170\u548c\u745e\u5178\u7684\u65f6\u5dee\u4e3a 1 \u5c0f\u65f6\u3002<\/strong><\/span><\/p>\n<p><span style=\"color: #ff0000;\"><b>* \u51fa\u53d1\u524d 30 \u5206\u949f\u5f00\u59cb\u767b\u8239\u3002\u542f\u822a\u524d 10 \u5206\u949f\u505c\u6b62\u767b\u8239\u3002<\/b><\/span><\/p>\n<\/div>\n<\/div>\n<div class=\"sc-gZsBWS jZbQLo Row\">\n<div class=\"sc-iiyuhn jmOlZr Inclusions\" data-testid=\"inclusions\">\n<h3>\u4ef7\u683c\u5305\u542b<\/h3>\n<div class=\"sc-fyZgVY kFwLpJ\">\n<ul>\n<li>\u7834\u51b0\u8239\u5de1\u6e383\u5c0f\u65f6<\/li>\n<li>\u7740\u6551\u751f\u8863\u6e38\u6cf3<\/li>\n<li>\u8bed\u97f3\u5bfc\u89c8\u5bfc\u89c8\uff08\u901a\u8fc7\u5e94\u7528\u7a0b\u5e8f\u63d0\u4f9b 18 \u79cd\u8bed\u8a00\uff09<\/li>\n<li>\u7834\u51b0\u8239\u5267\u573a\u7535\u5f71<\/li>\n<li>\u8239\u4e0a\u70ed\u996e<\/li>\n<li>\u7834\u51b0\u8239\u5de1\u822a\u8bc1\u4e66<\/li>\n<li>\u51b0\u4e0a\u884c\u8d70\uff08\u89c6\u51b0\u5c42\u539a\u5ea6\u60c5\u51b5\u800c\u5b9a\uff09<\/li>\n<li><span style=\"font-size: 1rem;\">\u6e38\u8f6e\u7801\u5934\u514d\u8d39\u505c\u8f66<\/span><\/li>\n<\/ul>\n<\/div>\n<\/div>\n<\/div>\n<div class=\"sc-ckTduy iqhAat Attention\" data-testid=\"attention\">\n<h3 class=\"sc-eyugYr dLvVDH AttentionTitle\">\u53cb\u60c5\u63d0\u793a<\/h3>\n<div class=\"sc-cWvMYY jEkvTV\">\n<ul>\n<li>\u8bf7\u6ce8\u610f\uff0c\u4e0a\u9762\u5217\u51fa\u7684\u65f6\u95f4\u4e3a\u82ac\u5170\u65f6\u95f4 (GMT+3)<\/li>\n<li>\u65c5\u5ba2\u53ef\u5c06\u884c\u674e\u5bc4\u5b58\u5728\u63a5\u9a73\u8f66\u4e0a<\/li>\n<li>\u7834\u51b0\u8239\u5de1\u6e38\u4f53\u9a8c\u6ca1\u6709\u5e74\u9f84\u9650\u5236\uff0c4 \u5c81\u4ee5\u4e0b\u513f\u7ae5\u53ef\u514d\u8d39\u5165\u573a\u3002\u8bf7\u6ce8\u610f\uff0c4\u5c81\u4ee5\u4e0b\u513f\u7ae5\u4e0d\u5f97\u53c2\u4e0e\u6f02\u6d6e\u4f53\u9a8c<\/li>\n<li>4\u5c81\u4ee5\u4e0b\u513f\u7ae5\u514d\u8d39\uff0c\u8bf7\u4e8e\u9884\u8ba2\u65f6\u4e8e\u201c\u5907\u6ce8\u201d\u680f\u544a\u77e5\u7b26\u5408\u8d44\u683c\u513f\u7ae5\u7684\u5e74\u9f84\u53ca\u4eba\u6570<\/li>\n<li>\u6f02\u6d6e\u4f53\u9a8c\u662f\u53ef\u9009\u9879\u76ee\uff0c\u5982\u679c\u60a8\u51b3\u5b9a\u4e0d\u53c2\u52a0\u6b64\u4f53\u9a8c\uff0c\u5c06\u4e0d\u4e88\u9000\u6b3e<\/li>\n<li>\u513f\u7ae5\u8eab\u9ad8\u5fc5\u987b\u8d85\u8fc7125\u5398\u7c73\u624d\u80fd\u53c2\u52a0\u6f02\u6d6e\u4f53\u9a8c<\/li>\n<li>\u4e3a\u907f\u514d\u6f02\u6d6e\u4f53\u9a8c\u7b49\u5f85\u65f6\u95f4\u8fc7\u957f\uff0c\u8bf7\u52a1\u5fc5\u5728\u5165\u4f4f\u65f6\u786e\u8ba4\u4f53\u9a8c\u65f6\u95f4\u6216\u8be2\u95ee\u73b0\u573a\u5de5\u4f5c\u4eba\u5458<\/li>\n<li>\u6f02\u6d6e\u670d\u662f\u9632\u6c34\u7684\uff0c\u53ef\u4ee5\u8ba9\u4f60\u5fa1\u5bd2\u3002\u5fc5\u987b\u7a7f\u5728\u666e\u901a\u7684\u5ba4\u5185\u8863\u670d\u5916\u9762<\/li>\n<li>\u65e0\u8bba\u51b0\u5c42\u539a\u5ea6\u5982\u4f55\uff0c\u6e38\u8f6e\u90fd\u4f1a\u5728 12 \u6708\u521d\u7167\u5e38\u51fa\u53d1\u3002\u8bf7\u6ce8\u610f\uff0c12\u6708\u4e2d\u65ec\u4e4b\u524d\u65e0\u6cd5\u4fdd\u8bc1\u51b0\u5c42\u539a\u5ea6<\/li>\n<li>12\u6708\u4e2d\u65ec\u4e4b\u524d\u53ef\u80fd\u65e0\u51b0\u6216\u8584\u51b0\uff0c\u9884\u8ba2\u524d\u8bf7\u8003\u8651<\/li>\n<li>\u6700\u65e9\u63d0\u4f9b\u51b0\u4e0a\u884c\u8d70\u4f53\u9a8c\u7684\u662f\u4e00\u6708\u521d<\/li>\n<li>\u5982\u9047\u6076\u52a3\u5929\u6c14\uff08\u5982\u53f0\u98ce\u3001\u66b4\u98ce\u96ea\uff09\uff0c\u884c\u7a0b\u53ef\u80fd\u4f1a\u53d6\u6d88\uff0c\u8bf7\u4e8e\u51fa\u53d1\u524d1\u5929\u4e2d\u534812:00\u524d\u51b3\u5b9a\u3002\u505a\u51fa\u51b3\u5b9a\u540e\uff0c\u5c06\u901a\u8fc7\u7535\u5b50\u90ae\u4ef6\u901a\u77e5\u65c5\u5ba2\u53d6\u6d88\u4e8b\u5b9c<\/li>\n<li>\u4f9b\u5e94\u5546\u4fdd\u7559\u56e0\u5b89\u5168\u539f\u56e0\uff08\u5982\u6076\u52a3\u5929\u6c14\u3001\u4e0d\u53ef\u6297\u529b\uff09\u66f4\u6539\u6216\u53d6\u6d88\u6f02\u6d6e\u4f53\u9a8c\u6216\u51b0\u4e0a\u884c\u8d70\u7684\u6743\u5229\uff0c\u4e14\u4e0d\u63d0\u4f9b\u8865\u507f\uff0c\u8bf7\u9884\u8ba2\u524d\u8003\u8651<\/li>\n<\/ul>\n<\/div>\n<h3>\u9700\u643a\u5e26<\/h3>\n<ul>\n<li><strong>\u62a4\u7167<\/strong><\/li>\n<\/ul>\n<\/div>\n<div class=\"CancellationPolicy\" data-testid=\"cancellation-policy\">\n<h3 class=\"sc-eyugYr dLvVDH\">\u53d6\u6d88\u653f\u7b56<\/h3>\n<div class=\"sc-cWvMYY jEkvTV\">\n<div>\n<ul>\n<li>\u8be5\u6d3b\u52a8\u4e00\u65e6\u9884\u5b9a\u6210\u529f\u5219\u65e0\u6cd5\u53d6\u6d88\uff0c\u6211\u4eec\u5c06\u6536\u53d6100%\u624b\u7eed\u8d39\u3002<\/li>\n<\/ul>\n<\/div>\n<\/div>\n<\/div>","protected":false},"excerpt":{"rendered":"<p>\u6210\u4eba: 320 \u20ac \/ \u513f\u7ae5 (3-12 \u5c81): 275 \u20ac<\/p>","protected":false},"featured_media":830,"comment_status":"open","ping_status":"closed","template":"","meta":{"_uag_custom_page_level_css":""},"product_brand":[],"product_cat":[26],"product_tag":[],"class_list":{"0":"post-794","1":"product","2":"type-product","3":"status-publish","4":"has-post-thumbnail","6":"product_cat-ticket-reservation","7":"col-md-6 col-sm-6","9":"first","10":"instock","11":"virtual","12":"sold-individually","13":"taxable","14":"purchasable","15":"product-type-booking"},"uagb_featured_image_src":{"full":["https:\/\/finntation.com\/wp-content\/uploads\/2023\/12\/fron-dhip-walking-on-ice-1.jpg",2048,1366,false],"thumbnail":["https:\/\/finntation.com\/wp-content\/uploads\/2023\/12\/fron-dhip-walking-on-ice-1-150x150.jpg",150,150,true],"medium":["https:\/\/finntation.com\/wp-content\/uploads\/2023\/12\/fron-dhip-walking-on-ice-1-300x200.jpg",300,200,true],"medium_large":["https:\/\/finntation.com\/wp-content\/uploads\/2023\/12\/fron-dhip-walking-on-ice-1-768x512.jpg",768,512,true],"large":["https:\/\/finntation.com\/wp-content\/uploads\/2023\/12\/fron-dhip-walking-on-ice-1-1024x683.jpg",1024,683,true],"1536x1536":["https:\/\/finntation.com\/wp-content\/uploads\/2023\/12\/fron-dhip-walking-on-ice-1-1536x1025.jpg",1536,1025,true],"2048x2048":["https:\/\/finntation.com\/wp-content\/uploads\/2023\/12\/fron-dhip-walking-on-ice-1.jpg",2048,1366,false],"trp-custom-language-flag":["https:\/\/finntation.com\/wp-content\/uploads\/2023\/12\/fron-dhip-walking-on-ice-1-18x12.jpg",18,12,true],"shopix-900x9999":["https:\/\/finntation.com\/wp-content\/uploads\/2023\/12\/fron-dhip-walking-on-ice-1.jpg",900,600,false],"shopix-500x9999":["https:\/\/finntation.com\/wp-content\/uploads\/2023\/12\/fron-dhip-walking-on-ice-1.jpg",500,333,false],"shopix-500x500":["https:\/\/finntation.com\/wp-content\/uploads\/2023\/12\/fron-dhip-walking-on-ice-1.jpg",500,333,false],"woocommerce_thumbnail":["https:\/\/finntation.com\/wp-content\/uploads\/2023\/12\/fron-dhip-walking-on-ice-1-350x263.jpg",350,263,true],"woocommerce_single":["https:\/\/finntation.com\/wp-content\/uploads\/2023\/12\/fron-dhip-walking-on-ice-1-800x534.jpg",800,534,true],"woocommerce_gallery_thumbnail":["https:\/\/finntation.com\/wp-content\/uploads\/2023\/12\/fron-dhip-walking-on-ice-1-170x170.jpg",170,170,true]},"uagb_author_info":{"display_name":"Jing Cao","author_link":"https:\/\/finntation.com\/zh\/author\/"},"uagb_comment_info":0,"uagb_excerpt":"Adult: 320 \u20ac \/ Child (3-12 Y): 275 \u20ac","_links":{"self":[{"href":"https:\/\/finntation.com\/zh\/wp-json\/wp\/v2\/product\/794","targetHints":{"allow":["GET"]}}],"collection":[{"href":"https:\/\/finntation.com\/zh\/wp-json\/wp\/v2\/product"}],"about":[{"href":"https:\/\/finntation.com\/zh\/wp-json\/wp\/v2\/types\/product"}],"replies":[{"embeddable":true,"href":"https:\/\/finntation.com\/zh\/wp-json\/wp\/v2\/comments?post=794"}],"wp:featuredmedia":[{"embeddable":true,"href":"https:\/\/finntation.com\/zh\/wp-json\/wp\/v2\/media\/830"}],"wp:attachment":[{"href":"https:\/\/finntation.com\/zh\/wp-json\/wp\/v2\/media?parent=794"}],"wp:term":[{"taxonomy":"product_brand","embeddable":true,"href":"https:\/\/finntation.com\/zh\/wp-json\/wp\/v2\/product_brand?post=794"},{"taxonomy":"product_cat","embeddable":true,"href":"https:\/\/finntation.com\/zh\/wp-json\/wp\/v2\/product_cat?post=794"},{"taxonomy":"product_tag","embeddable":true,"href":"https:\/\/finntation.com\/zh\/wp-json\/wp\/v2\/product_tag?post=794"}],"curies":[{"name":"wp","href":"https:\/\/api.w.org\/{rel}","templated":true}]}}