{"id":804,"date":"2023-12-18T15:23:16","date_gmt":"2023-12-18T15:23:16","guid":{"rendered":"https:\/\/buertravels.com\/?post_type=product&#038;p=804"},"modified":"2026-02-08T14:43:32","modified_gmt":"2026-02-08T12:43:32","slug":"polar-explorer-icebreaker-cruise-with-floating-with-flexible-transfers-lunch","status":"publish","type":"product","link":"https:\/\/finntation.com\/zh\/product\/polar-explorer-icebreaker-cruise-with-floating-with-flexible-transfers-lunch\/","title":{"rendered":"Polar\u7834\u51b0\u8239\u63a2\u9669+\u51b0\u6d77\u6f02\u6d6e\uff08\u542b\u4ea4\u901a\u63a5\u9a73\u53ca\u5348\u9910\uff09"},"content":{"rendered":"<p><strong><span style=\"color: #ff9900;\">\u60a8\u53ef\u4ee5\u9009\u62e9\u63a5\u9001\u57ce\u5e02\uff1a\u00a0<\/span><\/strong><strong><span style=\"color: #ff9900;\">\u00a0Rovaniemi \/ Kemi \/ Tornio\/ Haparanda \/ Lule\u00e5<\/span><\/strong><\/p>\n<p><strong><span style=\"color: #ff9900;\">\uff08\u4f8b\u5982\uff1a\u6211\u4eec\u53ef\u4ee5\u5728\u7f57\u74e6\u6d85\u7c73\u63a5\u60a8\u5e76\u5728\u51ef\u7c73\u9001\u60a8\u3002\u8bf7\u8054\u7cfb\u6211\u4eec\u4e86\u89e3\u66f4\u591a\u4fe1\u606f\uff09<\/span><\/strong><\/p>\n<hr \/>\n<p><strong>\u51fa\u53d1\u57ce\u5e02\uff1a\u7f57\u74e6\u6d85\u7c73<\/strong><br \/>\n<strong>\u51fa\u53d1\u65f6\u95f4\uff1a07:00 \u6216 10:00\uff08\u6839\u636e\u5b63\u8282\u4f1a\u8c03\u6574\u51fa\u53d1\u65f6\u95f4\uff09<\/strong><br \/>\n<strong>\u884c\u7a0b\u5386\u65f6\uff1a9 - 10\u5c0f\u65f6<\/strong><\/p>\n<p>\u7834\u51b0\u8239\u63d0\u4f9b\u5728\u62c9\u666e\u5170\u6ce2\u7684\u5c3c\u4e9a\u6d77\u7ed3\u51b0\u7684\u6d77\u6c34\u4e2d\u8fdb\u884c 3 \u5c0f\u65f6\u7684\u822a\u884c\u3002\u5728 3 \u5c0f\u65f6\u5185\uff0c\u60a8\u5c06\u4eb2\u773c\u76ee\u7779\u8fd9\u8258\u8239\u5de8\u5927\u7684\u7834\u51b0\u529b\u91cf\uff0c\u5e76\u5728\u5bfc\u6e38\u7684\u5e26\u9886\u4e0b\u4e00\u8def\u53c2\u89c2\u8f6e\u673a\u8231\u548c\u8239\u957f\u6865\u3002\u901a\u8fc7\u8bed\u97f3\u5bfc\u89c8\u5e94\u7528\u7a0b\u5e8f\u53ef\u4f7f\u7528 16 \u79cd\u8bed\u8a00\u8fdb\u884c\u6e38\u89c8\uff0c\u5e76\u5728\u7834\u51b0\u8239\u7535\u5f71\u9662\u89c2\u770b 11 \u5206\u949f\u7684\u7535\u5f71\uff0c\u8bb2\u8ff0\u4e16\u754c\u5404\u5730\u7684\u7834\u51b0\u8239\u3002\u60a8\u53ef\u4ee5\u5728\u8212\u9002\u7684\u6c99\u9f99\u4e2d\u653e\u677e\u8eab\u5fc3\uff0c\u4eab\u7528\u70ed\u679c\u6c41\uff0c\u6216\u8005\u5728\u505c\u9760\u671f\u95f4\u5728\u51b0\u51bb\u7684\u6d77\u51b0\u4e0a\u6563\u6b65\u3002\u7834\u51b0\u8239\u4f7f\u6e38\u6cf3\u6c60\u4e0d\u518d\u7ed3\u51b0\uff0c\u6bcf\u4f4d\u6e38\u5ba2\u90fd\u53ef\u4ee5\u7a7f\u7740\u6f02\u6d6e\u6551\u751f\u8863\u5728\u9ed1\u6697\u51b0\u51b7\u7684\u6c34\u4e2d\u6e38\u6cf3\u3002\u8239\u957f\u5c06\u5411\u5927\u5bb6\u9881\u53d1\u6e38\u8f6e\u548c\u6e38\u6cf3\u8bc1\u4e66\u4f5c\u4e3a\u96be\u5fd8\u7684\u793c\u7269\u3002<\/p>\n<p><strong>*\u5982\u4e0d\u9700\u8981\u63a5\u9001\u670d\u52a1\uff0c\u8bf7\u8f6c\u81f3 <a href=\"https:\/\/buertravels.com\/product\/polar-explorer-icebreaker-cruise-with-floating-without-transfers-lunch\/\">\u201c\u6781\u5730\u7834\u51b0\u8239+\u51b0\u6d77\u6f02\u6d6e(\u4e0d\u542b\u4ea4\u901a\u63a5\u9a73\u53ca\u5348\u9910)\u201d<\/a><\/strong><\/p>\n<h3 style=\"text-align: center;\"><strong>\u63a5\u9001\u65f6\u95f4\u8868<\/strong><\/h3>\n<p><img loading=\"lazy\" decoding=\"async\" class=\"wp-image-812 size-full alignleft\" src=\"https:\/\/finntation.com\/wp-content\/uploads\/2023\/12\/POLAR-EXPLORER-ICEBREAKER-Icebreaker-cruise-manual-2023-2024_04.jpg\" alt=\"\" width=\"1653\" height=\"1174\" srcset=\"https:\/\/finntation.com\/wp-content\/uploads\/2023\/12\/POLAR-EXPLORER-ICEBREAKER-Icebreaker-cruise-manual-2023-2024_04.jpg 1653w, https:\/\/finntation.com\/wp-content\/uploads\/2023\/12\/POLAR-EXPLORER-ICEBREAKER-Icebreaker-cruise-manual-2023-2024_04-800x568.jpg 800w, https:\/\/finntation.com\/wp-content\/uploads\/2023\/12\/POLAR-EXPLORER-ICEBREAKER-Icebreaker-cruise-manual-2023-2024_04-300x213.jpg 300w, https:\/\/finntation.com\/wp-content\/uploads\/2023\/12\/POLAR-EXPLORER-ICEBREAKER-Icebreaker-cruise-manual-2023-2024_04-1024x727.jpg 1024w, https:\/\/finntation.com\/wp-content\/uploads\/2023\/12\/POLAR-EXPLORER-ICEBREAKER-Icebreaker-cruise-manual-2023-2024_04-768x545.jpg 768w, https:\/\/finntation.com\/wp-content\/uploads\/2023\/12\/POLAR-EXPLORER-ICEBREAKER-Icebreaker-cruise-manual-2023-2024_04-1536x1091.jpg 1536w, https:\/\/finntation.com\/wp-content\/uploads\/2023\/12\/POLAR-EXPLORER-ICEBREAKER-Icebreaker-cruise-manual-2023-2024_04-18x12.jpg 18w\" sizes=\"auto, (max-width: 1653px) 100vw, 1653px\" \/><\/p>\n<p>&nbsp;<\/p>\n<p><strong><span style=\"color: #737373; font-size: 1rem;\">*\u7f57\u74e6\u6d85\u7c73\u65c5\u6e38\u4fe1\u606f\uff1aKoskikatu 12<\/span><\/strong><\/p>\n<div class=\"sc-gZsBWS jZbQLo Row\">\n<div class=\"sc-iiyuhn jmOlZr Inclusions\" data-testid=\"inclusions\">\n<h3><b>\u822a\u7ad9\u697c\u4f4d\u7f6e <\/b><\/h3>\n<p>\u5bfc\u822a\u5668\u4f4d\u7f6e\uff1aAxelsviksv\u00e4gen 291C, 95295 B\u00e5tsk\u00e4rsn\u00e4s, \u745e\u5178\u00a0 <span style=\"color: #82868b; font-size: 1rem;\">Axelsviksv\u00e4gen 291C, 95295 B\u00e5tsk\u00e4rsn\u00e4s, Sweden<\/span><\/p>\n<\/div>\n<div class=\"sc-iiyuhn jmOlZr Inclusions\" data-testid=\"inclusions\">\n<p><span style=\"color: #82868b; font-size: 1rem;\">\u5750\u6807\uff1a65.7700815\u300123.3698463<\/span><\/p>\n<p>\u8ddd\u82ac\u5170\u8fb9\u588340\u516c\u91cc\u3002\u4ece E4 \u8f6c\u5411 B\u00e5tsk\u00e4rsn\u00e4s\u3002\u8f6c\u5f2f\u540e\uff0c\u8bf7\u9075\u5faa\u6781\u5730\u63a2\u7d22\u53f7\u7834\u51b0\u8239\u6807\u5fd7\u3002<\/p>\n<p>\u60a8\u53ef\u4ee5\u5728\u6e38\u8f6e\u7801\u5934\u505c\u8f66\u573a\u514d\u8d39\u505c\u8f66\u3002<\/p>\n<p><span style=\"color: #ff0000;\"><strong>* \u8bf7\u6ce8\u610f\uff0c\u5f53\u60a8\u8ba1\u5212\u884c\u7a0b\u65f6\uff0c\u82ac\u5170\u548c\u745e\u5178\u7684\u65f6\u5dee\u4e3a 1 \u5c0f\u65f6\u3002<\/strong><\/span><\/p>\n<p><span style=\"color: #ff0000;\"><b>* \u51fa\u53d1\u524d 30 \u5206\u949f\u5f00\u59cb\u767b\u8239\u3002\u542f\u822a\u524d 10 \u5206\u949f\u505c\u6b62\u767b\u8239\u3002<\/b><\/span><\/p>\n<\/div>\n<\/div>\n<div class=\"sc-gZsBWS jZbQLo Row\">\n<div class=\"sc-iiyuhn jmOlZr Inclusions\" data-testid=\"inclusions\">\n<h3>\u4ef7\u683c\u5305\u542b<\/h3>\n<div class=\"sc-fyZgVY kFwLpJ\">\n<ul>\n<li>\u73ed\u8f66\u670d\u52a1-\u5f80\u8fd4\uff08\u5982\u9700\u5355\u7a0b\u7968\uff0c\u8bf7\u8054\u7cfb\u6211\u4eec\uff09<\/li>\n<li>\u7834\u51b0\u8239\u5de1\u6e383\u5c0f\u65f6<\/li>\n<li>\u7740\u6551\u751f\u8863\u6e38\u6cf3<\/li>\n<li>\u8bed\u97f3\u5bfc\u89c8\u5bfc\u89c8\uff08\u901a\u8fc7\u5e94\u7528\u7a0b\u5e8f\u63d0\u4f9b 18 \u79cd\u8bed\u8a00\uff09<\/li>\n<li>\u7834\u51b0\u8239\u5267\u573a\u7535\u5f71<\/li>\n<li>\u8239\u4e0a\u70ed\u996e<\/li>\n<li>\u7834\u51b0\u8239\u5de1\u822a\u8bc1\u4e66<\/li>\n<\/ul>\n<p>\u51b0\u4e0a\u884c\u8d70\uff08\u89c6\u5929\u6c14\u60c5\u51b5\u800c\u5b9a\uff09<\/p>\n<\/div>\n<\/div>\n<\/div>\n<div class=\"sc-ckTduy iqhAat Attention\" data-testid=\"attention\">\n<h3 class=\"sc-eyugYr dLvVDH AttentionTitle\">\u53cb\u60c5\u63d0\u793a<\/h3>\n<div class=\"sc-cWvMYY jEkvTV\">\n<ul>\n<li>\u8bf7\u6ce8\u610f\uff0c\u4e0a\u9762\u5217\u51fa\u7684\u65f6\u95f4\u4e3a\u82ac\u5170\u65f6\u95f4 (GMT+3)<\/li>\n<li>\u65c5\u5ba2\u53ef\u5c06\u884c\u674e\u5bc4\u5b58\u5728\u63a5\u9a73\u8f66\u4e0a<\/li>\n<li>\u7834\u51b0\u8239\u5de1\u6e38\u4f53\u9a8c\u6ca1\u6709\u5e74\u9f84\u9650\u5236\uff0c4 \u5c81\u4ee5\u4e0b\u513f\u7ae5\u53ef\u514d\u8d39\u5165\u573a\u3002\u8bf7\u6ce8\u610f\uff0c4\u5c81\u4ee5\u4e0b\u513f\u7ae5\u4e0d\u5f97\u53c2\u4e0e\u6f02\u6d6e\u4f53\u9a8c<\/li>\n<li>4\u5c81\u4ee5\u4e0b\u513f\u7ae5\u514d\u8d39\uff0c\u8bf7\u4e8e\u9884\u8ba2\u65f6\u4e8e\u201c\u5907\u6ce8\u201d\u680f\u544a\u77e5\u7b26\u5408\u8d44\u683c\u513f\u7ae5\u7684\u5e74\u9f84\u53ca\u4eba\u6570<\/li>\n<li>\u6f02\u6d6e\u4f53\u9a8c\u4e3a\u53ef\u9009\u9879\u76ee\uff0c\u5982\u51b3\u5b9a\u4e0d\u53c2\u52a0\u6b64\u4f53\u9a8c\uff0c\u6055\u4e0d\u9000\u6b3e<\/li>\n<li>\u513f\u7ae5\u8eab\u9ad8\u5fc5\u987b\u8d85\u8fc7125\u5398\u7c73\u624d\u80fd\u53c2\u52a0\u6f02\u6d6e\u4f53\u9a8c<\/li>\n<li>\u4e3a\u907f\u514d\u6f02\u6d6e\u4f53\u9a8c\u7b49\u5f85\u65f6\u95f4\u8fc7\u957f\uff0c\u8bf7\u52a1\u5fc5\u5728\u5165\u4f4f\u65f6\u786e\u8ba4\u4f53\u9a8c\u65f6\u95f4\u6216\u8be2\u95ee\u73b0\u573a\u5de5\u4f5c\u4eba\u5458<\/li>\n<li>\u6f02\u6d6e\u670d\u662f\u9632\u6c34\u7684\uff0c\u53ef\u4ee5\u8ba9\u4f60\u5fa1\u5bd2\u3002\u5fc5\u987b\u7a7f\u5728\u666e\u901a\u7684\u5ba4\u5185\u8863\u670d\u5916\u9762<\/li>\n<li>\u65e0\u8bba\u51b0\u5c42\u539a\u5ea6\u5982\u4f55\uff0c\u6e38\u8f6e\u90fd\u4f1a\u5728 12 \u6708\u521d\u7167\u5e38\u51fa\u53d1\u3002\u8bf7\u6ce8\u610f\uff0c12\u6708\u4e2d\u65ec\u4e4b\u524d\u65e0\u6cd5\u4fdd\u8bc1\u51b0\u5c42\u539a\u5ea6<\/li>\n<li>12\u6708\u4e2d\u65ec\u4e4b\u524d\u53ef\u80fd\u65e0\u51b0\u6216\u8584\u51b0\uff0c\u9884\u8ba2\u524d\u8bf7\u8003\u8651<\/li>\n<li>\u6700\u65e9\u63d0\u4f9b\u51b0\u4e0a\u884c\u8d70\u4f53\u9a8c\u7684\u662f\u4e00\u6708\u521d<\/li>\n<li>\u5982\u9047\u6076\u52a3\u5929\u6c14\uff08\u5982\u53f0\u98ce\u3001\u66b4\u98ce\u96ea\uff09\uff0c\u884c\u7a0b\u53ef\u80fd\u4f1a\u53d6\u6d88\uff0c\u8bf7\u4e8e\u51fa\u53d1\u524d1\u5929\u4e2d\u534812:00\u524d\u51b3\u5b9a\u3002\u505a\u51fa\u51b3\u5b9a\u540e\uff0c\u5c06\u901a\u8fc7\u7535\u5b50\u90ae\u4ef6\u901a\u77e5\u65c5\u5ba2\u53d6\u6d88\u4e8b\u5b9c<\/li>\n<li>\u4f9b\u5e94\u5546\u4fdd\u7559\u56e0\u5b89\u5168\u539f\u56e0\uff08\u5982\u6076\u52a3\u5929\u6c14\u3001\u4e0d\u53ef\u6297\u529b\uff09\u66f4\u6539\u6216\u53d6\u6d88\u6f02\u6d6e\u4f53\u9a8c\u6216\u51b0\u4e0a\u884c\u8d70\u7684\u6743\u5229\uff0c\u4e14\u4e0d\u63d0\u4f9b\u8865\u507f\uff0c\u8bf7\u9884\u8ba2\u524d\u8003\u8651<\/li>\n<\/ul>\n<\/div>\n<h3>\u9700\u643a\u5e26<\/h3>\n<ul>\n<li><strong>\u62a4\u7167<\/strong><\/li>\n<\/ul>\n<\/div>\n<div class=\"CancellationPolicy\" data-testid=\"cancellation-policy\">\n<h3 class=\"sc-eyugYr dLvVDH\">\u53d6\u6d88\u653f\u7b56<\/h3>\n<div class=\"sc-cWvMYY jEkvTV\">\n<div>\n<ul>\n<li>\u8be5\u6d3b\u52a8\u4e00\u65e6\u9884\u5b9a\u6210\u529f\u5219\u65e0\u6cd5\u53d6\u6d88\uff0c\u6211\u4eec\u5c06\u6536\u53d6100%\u624b\u7eed\u8d39\u3002<\/li>\n<\/ul>\n<\/div>\n<\/div>\n<\/div>","protected":false},"excerpt":{"rendered":"<p>\u6210\u4eba 475 \u20ac  \/ \u513f\u7ae5\uff083-12\u5c81\uff09345 \u20ac<\/p>","protected":false},"featured_media":798,"comment_status":"open","ping_status":"closed","template":"","meta":{"_uag_custom_page_level_css":""},"product_brand":[],"product_cat":[24,37],"product_tag":[],"class_list":{"0":"post-804","1":"product","2":"type-product","3":"status-publish","4":"has-post-thumbnail","6":"product_cat-experiencing-the-north","7":"product_cat-day-tour","8":"col-md-6 col-sm-6","10":"first","11":"instock","12":"virtual","13":"sold-individually","14":"taxable","15":"purchasable","16":"product-type-booking"},"uagb_featured_image_src":{"full":["https:\/\/finntation.com\/wp-content\/uploads\/2023\/12\/c20fdc19-03f8-4248-bb0e-f412a614681a.jpeg",959,639,false],"thumbnail":["https:\/\/finntation.com\/wp-content\/uploads\/2023\/12\/c20fdc19-03f8-4248-bb0e-f412a614681a-150x150.jpeg",150,150,true],"medium":["https:\/\/finntation.com\/wp-content\/uploads\/2023\/12\/c20fdc19-03f8-4248-bb0e-f412a614681a-300x200.jpeg",300,200,true],"medium_large":["https:\/\/finntation.com\/wp-content\/uploads\/2023\/12\/c20fdc19-03f8-4248-bb0e-f412a614681a-768x512.jpeg",768,512,true],"large":["https:\/\/finntation.com\/wp-content\/uploads\/2023\/12\/c20fdc19-03f8-4248-bb0e-f412a614681a.jpeg",959,639,false],"1536x1536":["https:\/\/finntation.com\/wp-content\/uploads\/2023\/12\/c20fdc19-03f8-4248-bb0e-f412a614681a.jpeg",959,639,false],"2048x2048":["https:\/\/finntation.com\/wp-content\/uploads\/2023\/12\/c20fdc19-03f8-4248-bb0e-f412a614681a.jpeg",959,639,false],"trp-custom-language-flag":["https:\/\/finntation.com\/wp-content\/uploads\/2023\/12\/c20fdc19-03f8-4248-bb0e-f412a614681a-18x12.jpeg",18,12,true],"shopix-900x9999":["https:\/\/finntation.com\/wp-content\/uploads\/2023\/12\/c20fdc19-03f8-4248-bb0e-f412a614681a.jpeg",900,600,false],"shopix-500x9999":["https:\/\/finntation.com\/wp-content\/uploads\/2023\/12\/c20fdc19-03f8-4248-bb0e-f412a614681a.jpeg",500,333,false],"shopix-500x500":["https:\/\/finntation.com\/wp-content\/uploads\/2023\/12\/c20fdc19-03f8-4248-bb0e-f412a614681a.jpeg",500,333,false],"woocommerce_thumbnail":["https:\/\/finntation.com\/wp-content\/uploads\/2023\/12\/c20fdc19-03f8-4248-bb0e-f412a614681a-350x263.jpeg",350,263,true],"woocommerce_single":["https:\/\/finntation.com\/wp-content\/uploads\/2023\/12\/c20fdc19-03f8-4248-bb0e-f412a614681a-800x533.jpeg",800,533,true],"woocommerce_gallery_thumbnail":["https:\/\/finntation.com\/wp-content\/uploads\/2023\/12\/c20fdc19-03f8-4248-bb0e-f412a614681a-170x170.jpeg",170,170,true]},"uagb_author_info":{"display_name":"Jing Cao","author_link":"https:\/\/finntation.com\/zh\/author\/"},"uagb_comment_info":0,"uagb_excerpt":"Adult\u00a0 475 \u20ac \/ Child (3-12 Y) 345 \u20ac","_links":{"self":[{"href":"https:\/\/finntation.com\/zh\/wp-json\/wp\/v2\/product\/804","targetHints":{"allow":["GET"]}}],"collection":[{"href":"https:\/\/finntation.com\/zh\/wp-json\/wp\/v2\/product"}],"about":[{"href":"https:\/\/finntation.com\/zh\/wp-json\/wp\/v2\/types\/product"}],"replies":[{"embeddable":true,"href":"https:\/\/finntation.com\/zh\/wp-json\/wp\/v2\/comments?post=804"}],"wp:featuredmedia":[{"embeddable":true,"href":"https:\/\/finntation.com\/zh\/wp-json\/wp\/v2\/media\/798"}],"wp:attachment":[{"href":"https:\/\/finntation.com\/zh\/wp-json\/wp\/v2\/media?parent=804"}],"wp:term":[{"taxonomy":"product_brand","embeddable":true,"href":"https:\/\/finntation.com\/zh\/wp-json\/wp\/v2\/product_brand?post=804"},{"taxonomy":"product_cat","embeddable":true,"href":"https:\/\/finntation.com\/zh\/wp-json\/wp\/v2\/product_cat?post=804"},{"taxonomy":"product_tag","embeddable":true,"href":"https:\/\/finntation.com\/zh\/wp-json\/wp\/v2\/product_tag?post=804"}],"curies":[{"name":"wp","href":"https:\/\/api.w.org\/{rel}","templated":true}]}}